{"id":7487,"date":"2020-12-18T10:57:49","date_gmt":"2020-12-18T09:57:49","guid":{"rendered":"http:\/\/www.biblioteka-sp4.pl\/?page_id=7487"},"modified":"2021-05-25T17:06:56","modified_gmt":"2021-05-25T15:06:56","slug":"obrazy-malowane-slowami-prace-uczniow-pod-kierunkiem-p-anny-kaminskiej-promocja-czytelnictwa-w-sposob-nowatorski","status":"publish","type":"page","link":"http:\/\/www.biblioteka-sp4.pl\/?page_id=7487","title":{"rendered":"&#8222;Malowane s\u0142owami&#8221;- prace uczni\u00f3w pod kierunkiem p. Anny Kami\u0144skiej."},"content":{"rendered":"\n\t\t<style type=\"text\/css\">\n\t\t\t#gallery-1 {\n\t\t\t\tmargin: auto;\n\t\t\t}\n\t\t\t#gallery-1 .gallery-item {\n\t\t\t\tfloat: left;\n\t\t\t\tmargin-top: 10px;\n\t\t\t\ttext-align: center;\n\t\t\t\twidth: 33%;\n\t\t\t}\n\t\t\t#gallery-1 img {\n\t\t\t\tborder: 2px solid #cfcfcf;\n\t\t\t}\n\t\t\t#gallery-1 .gallery-caption {\n\t\t\t\tmargin-left: 0;\n\t\t\t}\n\t\t\t\/* see gallery_shortcode() in wp-includes\/media.php *\/\n\t\t<\/style>\n\t\t<div id='gallery-1' class='gallery galleryid-7487 gallery-columns-3 gallery-size-thumbnail'><dl class='gallery-item'>\n\t\t\t<dt class='gallery-icon portrait'>\n\t\t\t\t<a href='http:\/\/www.biblioteka-sp4.pl\/?attachment_id=7488'><img width=\"150\" height=\"150\" src=\"http:\/\/www.biblioteka-sp4.pl\/wp-content\/uploads\/2021\/05\/20201125_171255-e1621954393514-150x150.jpg\" class=\"attachment-thumbnail size-thumbnail\" alt=\"\" decoding=\"async\" loading=\"lazy\" srcset=\"http:\/\/www.biblioteka-sp4.pl\/wp-content\/uploads\/2021\/05\/20201125_171255-e1621954393514-150x150.jpg 150w, http:\/\/www.biblioteka-sp4.pl\/wp-content\/uploads\/2021\/05\/20201125_171255-e1621954393514-45x45.jpg 45w\" sizes=\"(max-width: 150px) 100vw, 150px\" \/><\/a>\n\t\t\t<\/dt><\/dl><dl class='gallery-item'>\n\t\t\t<dt class='gallery-icon portrait'>\n\t\t\t\t<a href='http:\/\/www.biblioteka-sp4.pl\/?attachment_id=7489'><img width=\"150\" height=\"150\" src=\"http:\/\/www.biblioteka-sp4.pl\/wp-content\/uploads\/2021\/05\/501B962B-6FB2-4C02-8BF4-316102B5C9BC-e1621954405528-150x150.jpeg\" class=\"attachment-thumbnail size-thumbnail\" alt=\"\" decoding=\"async\" loading=\"lazy\" srcset=\"http:\/\/www.biblioteka-sp4.pl\/wp-content\/uploads\/2021\/05\/501B962B-6FB2-4C02-8BF4-316102B5C9BC-e1621954405528-150x150.jpeg 150w, http:\/\/www.biblioteka-sp4.pl\/wp-content\/uploads\/2021\/05\/501B962B-6FB2-4C02-8BF4-316102B5C9BC-e1621954405528-45x45.jpeg 45w\" sizes=\"(max-width: 150px) 100vw, 150px\" \/><\/a>\n\t\t\t<\/dt><\/dl><dl class='gallery-item'>\n\t\t\t<dt class='gallery-icon portrait'>\n\t\t\t\t<a href='http:\/\/www.biblioteka-sp4.pl\/?attachment_id=7490'><img width=\"150\" height=\"150\" src=\"http:\/\/www.biblioteka-sp4.pl\/wp-content\/uploads\/2021\/05\/image-1-e1621954422654-150x150.jpg\" class=\"attachment-thumbnail size-thumbnail\" alt=\"\" decoding=\"async\" loading=\"lazy\" srcset=\"http:\/\/www.biblioteka-sp4.pl\/wp-content\/uploads\/2021\/05\/image-1-e1621954422654-150x150.jpg 150w, http:\/\/www.biblioteka-sp4.pl\/wp-content\/uploads\/2021\/05\/image-1-e1621954422654-45x45.jpg 45w\" sizes=\"(max-width: 150px) 100vw, 150px\" \/><\/a>\n\t\t\t<\/dt><\/dl><br style=\"clear: both\" \/><dl class='gallery-item'>\n\t\t\t<dt class='gallery-icon portrait'>\n\t\t\t\t<a href='http:\/\/www.biblioteka-sp4.pl\/?attachment_id=7491'><img width=\"150\" height=\"150\" src=\"http:\/\/www.biblioteka-sp4.pl\/wp-content\/uploads\/2021\/05\/akwarele_napis-150x150.jpg\" class=\"attachment-thumbnail size-thumbnail\" alt=\"\" decoding=\"async\" loading=\"lazy\" srcset=\"http:\/\/www.biblioteka-sp4.pl\/wp-content\/uploads\/2021\/05\/akwarele_napis-150x150.jpg 150w, http:\/\/www.biblioteka-sp4.pl\/wp-content\/uploads\/2021\/05\/akwarele_napis-45x45.jpg 45w\" sizes=\"(max-width: 150px) 100vw, 150px\" \/><\/a>\n\t\t\t<\/dt><\/dl><dl class='gallery-item'>\n\t\t\t<dt class='gallery-icon portrait'>\n\t\t\t\t<a href='http:\/\/www.biblioteka-sp4.pl\/?attachment_id=7492'><img width=\"150\" height=\"150\" src=\"http:\/\/www.biblioteka-sp4.pl\/wp-content\/uploads\/2021\/05\/IMG_20201113_145457_485-150x150.jpg\" class=\"attachment-thumbnail size-thumbnail\" alt=\"\" decoding=\"async\" loading=\"lazy\" srcset=\"http:\/\/www.biblioteka-sp4.pl\/wp-content\/uploads\/2021\/05\/IMG_20201113_145457_485-150x150.jpg 150w, http:\/\/www.biblioteka-sp4.pl\/wp-content\/uploads\/2021\/05\/IMG_20201113_145457_485-45x45.jpg 45w\" sizes=\"(max-width: 150px) 100vw, 150px\" \/><\/a>\n\t\t\t<\/dt><\/dl><dl class='gallery-item'>\n\t\t\t<dt class='gallery-icon portrait'>\n\t\t\t\t<a href='http:\/\/www.biblioteka-sp4.pl\/?attachment_id=7493'><img width=\"150\" height=\"150\" src=\"http:\/\/www.biblioteka-sp4.pl\/wp-content\/uploads\/2021\/05\/IMG_20201115_183913-e1621954440330-150x150.jpg\" class=\"attachment-thumbnail size-thumbnail\" alt=\"\" decoding=\"async\" loading=\"lazy\" srcset=\"http:\/\/www.biblioteka-sp4.pl\/wp-content\/uploads\/2021\/05\/IMG_20201115_183913-e1621954440330-150x150.jpg 150w, http:\/\/www.biblioteka-sp4.pl\/wp-content\/uploads\/2021\/05\/IMG_20201115_183913-e1621954440330-45x45.jpg 45w\" sizes=\"(max-width: 150px) 100vw, 150px\" \/><\/a>\n\t\t\t<\/dt><\/dl><br style=\"clear: both\" \/><dl class='gallery-item'>\n\t\t\t<dt class='gallery-icon portrait'>\n\t\t\t\t<a href='http:\/\/www.biblioteka-sp4.pl\/?attachment_id=7494'><img width=\"150\" height=\"150\" src=\"http:\/\/www.biblioteka-sp4.pl\/wp-content\/uploads\/2021\/05\/20201113_140545-e1621954455621-150x150.jpg\" class=\"attachment-thumbnail size-thumbnail\" alt=\"\" decoding=\"async\" loading=\"lazy\" srcset=\"http:\/\/www.biblioteka-sp4.pl\/wp-content\/uploads\/2021\/05\/20201113_140545-e1621954455621-150x150.jpg 150w, http:\/\/www.biblioteka-sp4.pl\/wp-content\/uploads\/2021\/05\/20201113_140545-e1621954455621-45x45.jpg 45w\" sizes=\"(max-width: 150px) 100vw, 150px\" \/><\/a>\n\t\t\t<\/dt><\/dl><dl class='gallery-item'>\n\t\t\t<dt class='gallery-icon portrait'>\n\t\t\t\t<a href='http:\/\/www.biblioteka-sp4.pl\/?attachment_id=7495'><img width=\"150\" height=\"150\" src=\"http:\/\/www.biblioteka-sp4.pl\/wp-content\/uploads\/2021\/05\/125076502_801929380607127_3192544374800723522_n-1-150x150.jpg\" class=\"attachment-thumbnail size-thumbnail\" alt=\"\" decoding=\"async\" loading=\"lazy\" srcset=\"http:\/\/www.biblioteka-sp4.pl\/wp-content\/uploads\/2021\/05\/125076502_801929380607127_3192544374800723522_n-1-150x150.jpg 150w, http:\/\/www.biblioteka-sp4.pl\/wp-content\/uploads\/2021\/05\/125076502_801929380607127_3192544374800723522_n-1-45x45.jpg 45w\" sizes=\"(max-width: 150px) 100vw, 150px\" \/><\/a>\n\t\t\t<\/dt><\/dl><dl class='gallery-item'>\n\t\t\t<dt class='gallery-icon portrait'>\n\t\t\t\t<a href='http:\/\/www.biblioteka-sp4.pl\/?attachment_id=7496'><img width=\"150\" height=\"150\" src=\"http:\/\/www.biblioteka-sp4.pl\/wp-content\/uploads\/2021\/05\/akwarele-z-cytatem-150x150.jpg\" class=\"attachment-thumbnail size-thumbnail\" alt=\"\" decoding=\"async\" loading=\"lazy\" srcset=\"http:\/\/www.biblioteka-sp4.pl\/wp-content\/uploads\/2021\/05\/akwarele-z-cytatem-150x150.jpg 150w, http:\/\/www.biblioteka-sp4.pl\/wp-content\/uploads\/2021\/05\/akwarele-z-cytatem-45x45.jpg 45w\" sizes=\"(max-width: 150px) 100vw, 150px\" \/><\/a>\n\t\t\t<\/dt><\/dl><br style=\"clear: both\" \/><dl class='gallery-item'>\n\t\t\t<dt class='gallery-icon portrait'>\n\t\t\t\t<a href='http:\/\/www.biblioteka-sp4.pl\/?attachment_id=7497'><img width=\"150\" height=\"150\" src=\"http:\/\/www.biblioteka-sp4.pl\/wp-content\/uploads\/2021\/05\/IMG_20201116_120156-150x150.jpg\" class=\"attachment-thumbnail size-thumbnail\" alt=\"\" decoding=\"async\" loading=\"lazy\" aria-describedby=\"gallery-1-7497\" srcset=\"http:\/\/www.biblioteka-sp4.pl\/wp-content\/uploads\/2021\/05\/IMG_20201116_120156-150x150.jpg 150w, http:\/\/www.biblioteka-sp4.pl\/wp-content\/uploads\/2021\/05\/IMG_20201116_120156-45x45.jpg 45w\" sizes=\"(max-width: 150px) 100vw, 150px\" \/><\/a>\n\t\t\t<\/dt>\n\t\t\t\t<dd class='wp-caption-text gallery-caption' id='gallery-1-7497'>\n\t\t\t\tsmart\n\t\t\t\t<\/dd><\/dl><dl class='gallery-item'>\n\t\t\t<dt class='gallery-icon landscape'>\n\t\t\t\t<a href='http:\/\/www.biblioteka-sp4.pl\/?attachment_id=7498'><img width=\"150\" height=\"150\" src=\"http:\/\/www.biblioteka-sp4.pl\/wp-content\/uploads\/2021\/05\/received_3517398105042955-150x150.jpeg\" class=\"attachment-thumbnail size-thumbnail\" alt=\"\" decoding=\"async\" loading=\"lazy\" srcset=\"http:\/\/www.biblioteka-sp4.pl\/wp-content\/uploads\/2021\/05\/received_3517398105042955-150x150.jpeg 150w, http:\/\/www.biblioteka-sp4.pl\/wp-content\/uploads\/2021\/05\/received_3517398105042955-45x45.jpeg 45w\" sizes=\"(max-width: 150px) 100vw, 150px\" \/><\/a>\n\t\t\t<\/dt><\/dl><dl class='gallery-item'>\n\t\t\t<dt class='gallery-icon portrait'>\n\t\t\t\t<a href='http:\/\/www.biblioteka-sp4.pl\/?attachment_id=7499'><img width=\"150\" height=\"150\" src=\"http:\/\/www.biblioteka-sp4.pl\/wp-content\/uploads\/2021\/05\/IMG_20201116_143756-e1621954475148-150x150.jpg\" class=\"attachment-thumbnail size-thumbnail\" alt=\"\" decoding=\"async\" loading=\"lazy\" srcset=\"http:\/\/www.biblioteka-sp4.pl\/wp-content\/uploads\/2021\/05\/IMG_20201116_143756-e1621954475148-150x150.jpg 150w, http:\/\/www.biblioteka-sp4.pl\/wp-content\/uploads\/2021\/05\/IMG_20201116_143756-e1621954475148-45x45.jpg 45w\" sizes=\"(max-width: 150px) 100vw, 150px\" \/><\/a>\n\t\t\t<\/dt><\/dl><br style=\"clear: both\" \/><dl class='gallery-item'>\n\t\t\t<dt class='gallery-icon portrait'>\n\t\t\t\t<a href='http:\/\/www.biblioteka-sp4.pl\/?attachment_id=7500'><img width=\"150\" height=\"150\" src=\"http:\/\/www.biblioteka-sp4.pl\/wp-content\/uploads\/2021\/05\/IMG_20201112_170413_0-1-150x150.jpg\" class=\"attachment-thumbnail size-thumbnail\" alt=\"\" decoding=\"async\" loading=\"lazy\" srcset=\"http:\/\/www.biblioteka-sp4.pl\/wp-content\/uploads\/2021\/05\/IMG_20201112_170413_0-1-150x150.jpg 150w, http:\/\/www.biblioteka-sp4.pl\/wp-content\/uploads\/2021\/05\/IMG_20201112_170413_0-1-45x45.jpg 45w\" sizes=\"(max-width: 150px) 100vw, 150px\" \/><\/a>\n\t\t\t<\/dt><\/dl><dl class='gallery-item'>\n\t\t\t<dt class='gallery-icon landscape'>\n\t\t\t\t<a href='http:\/\/www.biblioteka-sp4.pl\/?attachment_id=7501'><img width=\"150\" height=\"150\" src=\"http:\/\/www.biblioteka-sp4.pl\/wp-content\/uploads\/2021\/05\/20201126_164136-e1621954488933-150x150.jpg\" class=\"attachment-thumbnail size-thumbnail\" alt=\"\" decoding=\"async\" loading=\"lazy\" srcset=\"http:\/\/www.biblioteka-sp4.pl\/wp-content\/uploads\/2021\/05\/20201126_164136-e1621954488933-150x150.jpg 150w, http:\/\/www.biblioteka-sp4.pl\/wp-content\/uploads\/2021\/05\/20201126_164136-e1621954488933-300x300.jpg 300w, http:\/\/www.biblioteka-sp4.pl\/wp-content\/uploads\/2021\/05\/20201126_164136-e1621954488933-768x768.jpg 768w, http:\/\/www.biblioteka-sp4.pl\/wp-content\/uploads\/2021\/05\/20201126_164136-e1621954488933-1024x1024.jpg 1024w, http:\/\/www.biblioteka-sp4.pl\/wp-content\/uploads\/2021\/05\/20201126_164136-e1621954488933-500x500.jpg 500w, http:\/\/www.biblioteka-sp4.pl\/wp-content\/uploads\/2021\/05\/20201126_164136-e1621954488933-45x45.jpg 45w\" sizes=\"(max-width: 150px) 100vw, 150px\" \/><\/a>\n\t\t\t<\/dt><\/dl><dl class='gallery-item'>\n\t\t\t<dt class='gallery-icon landscape'>\n\t\t\t\t<a href='http:\/\/www.biblioteka-sp4.pl\/?attachment_id=7502'><img width=\"150\" height=\"150\" src=\"http:\/\/www.biblioteka-sp4.pl\/wp-content\/uploads\/2021\/05\/IMG_20201126_190252-150x150.jpg\" class=\"attachment-thumbnail size-thumbnail\" alt=\"\" decoding=\"async\" loading=\"lazy\" srcset=\"http:\/\/www.biblioteka-sp4.pl\/wp-content\/uploads\/2021\/05\/IMG_20201126_190252-150x150.jpg 150w, http:\/\/www.biblioteka-sp4.pl\/wp-content\/uploads\/2021\/05\/IMG_20201126_190252-45x45.jpg 45w\" sizes=\"(max-width: 150px) 100vw, 150px\" \/><\/a>\n\t\t\t<\/dt><\/dl><br style=\"clear: both\" \/><dl class='gallery-item'>\n\t\t\t<dt class='gallery-icon portrait'>\n\t\t\t\t<a href='http:\/\/www.biblioteka-sp4.pl\/?attachment_id=7503'><img width=\"150\" height=\"150\" src=\"http:\/\/www.biblioteka-sp4.pl\/wp-content\/uploads\/2021\/05\/plast-e1621954499985-150x150.jpg\" class=\"attachment-thumbnail size-thumbnail\" alt=\"\" decoding=\"async\" loading=\"lazy\" srcset=\"http:\/\/www.biblioteka-sp4.pl\/wp-content\/uploads\/2021\/05\/plast-e1621954499985-150x150.jpg 150w, http:\/\/www.biblioteka-sp4.pl\/wp-content\/uploads\/2021\/05\/plast-e1621954499985-45x45.jpg 45w\" sizes=\"(max-width: 150px) 100vw, 150px\" \/><\/a>\n\t\t\t<\/dt><\/dl><dl class='gallery-item'>\n\t\t\t<dt class='gallery-icon portrait'>\n\t\t\t\t<a href='http:\/\/www.biblioteka-sp4.pl\/?attachment_id=7504'><img width=\"150\" height=\"150\" src=\"http:\/\/www.biblioteka-sp4.pl\/wp-content\/uploads\/2021\/05\/PRACA-Z-PLASTYKI-150x150.jpg\" class=\"attachment-thumbnail size-thumbnail\" alt=\"\" decoding=\"async\" loading=\"lazy\" srcset=\"http:\/\/www.biblioteka-sp4.pl\/wp-content\/uploads\/2021\/05\/PRACA-Z-PLASTYKI-150x150.jpg 150w, http:\/\/www.biblioteka-sp4.pl\/wp-content\/uploads\/2021\/05\/PRACA-Z-PLASTYKI-45x45.jpg 45w\" sizes=\"(max-width: 150px) 100vw, 150px\" \/><\/a>\n\t\t\t<\/dt><\/dl><dl class='gallery-item'>\n\t\t\t<dt class='gallery-icon portrait'>\n\t\t\t\t<a href='http:\/\/www.biblioteka-sp4.pl\/?attachment_id=7505'><img width=\"150\" height=\"150\" src=\"http:\/\/www.biblioteka-sp4.pl\/wp-content\/uploads\/2021\/05\/D0F932C9-0536-403E-B042-CDBDCFB639FF-150x150.jpeg\" class=\"attachment-thumbnail size-thumbnail\" alt=\"\" decoding=\"async\" loading=\"lazy\" srcset=\"http:\/\/www.biblioteka-sp4.pl\/wp-content\/uploads\/2021\/05\/D0F932C9-0536-403E-B042-CDBDCFB639FF-150x150.jpeg 150w, http:\/\/www.biblioteka-sp4.pl\/wp-content\/uploads\/2021\/05\/D0F932C9-0536-403E-B042-CDBDCFB639FF-45x45.jpeg 45w\" sizes=\"(max-width: 150px) 100vw, 150px\" \/><\/a>\n\t\t\t<\/dt><\/dl><br style=\"clear: both\" \/><dl class='gallery-item'>\n\t\t\t<dt class='gallery-icon portrait'>\n\t\t\t\t<a href='http:\/\/www.biblioteka-sp4.pl\/?attachment_id=7507'><img width=\"150\" height=\"150\" src=\"http:\/\/www.biblioteka-sp4.pl\/wp-content\/uploads\/2021\/05\/20201130_185448-e1621954533254-150x150.jpg\" class=\"attachment-thumbnail size-thumbnail\" alt=\"\" decoding=\"async\" loading=\"lazy\" srcset=\"http:\/\/www.biblioteka-sp4.pl\/wp-content\/uploads\/2021\/05\/20201130_185448-e1621954533254-150x150.jpg 150w, http:\/\/www.biblioteka-sp4.pl\/wp-content\/uploads\/2021\/05\/20201130_185448-e1621954533254-45x45.jpg 45w\" sizes=\"(max-width: 150px) 100vw, 150px\" \/><\/a>\n\t\t\t<\/dt><\/dl><dl class='gallery-item'>\n\t\t\t<dt class='gallery-icon portrait'>\n\t\t\t\t<a href='http:\/\/www.biblioteka-sp4.pl\/?attachment_id=7508'><img width=\"150\" height=\"150\" src=\"http:\/\/www.biblioteka-sp4.pl\/wp-content\/uploads\/2021\/05\/IMG_20201125_120125290-1-e1621954521723-150x150.jpg\" class=\"attachment-thumbnail size-thumbnail\" alt=\"\" decoding=\"async\" loading=\"lazy\" srcset=\"http:\/\/www.biblioteka-sp4.pl\/wp-content\/uploads\/2021\/05\/IMG_20201125_120125290-1-e1621954521723-150x150.jpg 150w, http:\/\/www.biblioteka-sp4.pl\/wp-content\/uploads\/2021\/05\/IMG_20201125_120125290-1-e1621954521723-45x45.jpg 45w\" sizes=\"(max-width: 150px) 100vw, 150px\" \/><\/a>\n\t\t\t<\/dt><\/dl><dl class='gallery-item'>\n\t\t\t<dt class='gallery-icon portrait'>\n\t\t\t\t<a href='http:\/\/www.biblioteka-sp4.pl\/?attachment_id=7509'><img width=\"150\" height=\"150\" src=\"http:\/\/www.biblioteka-sp4.pl\/wp-content\/uploads\/2021\/05\/Plastyka--150x150.jpg\" class=\"attachment-thumbnail size-thumbnail\" alt=\"\" decoding=\"async\" loading=\"lazy\" srcset=\"http:\/\/www.biblioteka-sp4.pl\/wp-content\/uploads\/2021\/05\/Plastyka--150x150.jpg 150w, http:\/\/www.biblioteka-sp4.pl\/wp-content\/uploads\/2021\/05\/Plastyka--45x45.jpg 45w\" sizes=\"(max-width: 150px) 100vw, 150px\" \/><\/a>\n\t\t\t<\/dt><\/dl><br style=\"clear: both\" \/><dl class='gallery-item'>\n\t\t\t<dt class='gallery-icon portrait'>\n\t\t\t\t<a href='http:\/\/www.biblioteka-sp4.pl\/?attachment_id=7510'><img width=\"150\" height=\"150\" src=\"http:\/\/www.biblioteka-sp4.pl\/wp-content\/uploads\/2021\/05\/22575D31-508A-4C1A-8F97-06DD9E74D7C9-e1621954508190-150x150.jpeg\" class=\"attachment-thumbnail size-thumbnail\" alt=\"\" decoding=\"async\" loading=\"lazy\" srcset=\"http:\/\/www.biblioteka-sp4.pl\/wp-content\/uploads\/2021\/05\/22575D31-508A-4C1A-8F97-06DD9E74D7C9-e1621954508190-150x150.jpeg 150w, http:\/\/www.biblioteka-sp4.pl\/wp-content\/uploads\/2021\/05\/22575D31-508A-4C1A-8F97-06DD9E74D7C9-e1621954508190-45x45.jpeg 45w\" sizes=\"(max-width: 150px) 100vw, 150px\" \/><\/a>\n\t\t\t<\/dt><\/dl><dl class='gallery-item'>\n\t\t\t<dt class='gallery-icon portrait'>\n\t\t\t\t<a href='http:\/\/www.biblioteka-sp4.pl\/?attachment_id=7511'><img width=\"150\" height=\"150\" src=\"http:\/\/www.biblioteka-sp4.pl\/wp-content\/uploads\/2021\/05\/129216939_1098013480629973_2243230493660150399_n-150x150.jpg\" class=\"attachment-thumbnail size-thumbnail\" alt=\"\" decoding=\"async\" loading=\"lazy\" srcset=\"http:\/\/www.biblioteka-sp4.pl\/wp-content\/uploads\/2021\/05\/129216939_1098013480629973_2243230493660150399_n-150x150.jpg 150w, http:\/\/www.biblioteka-sp4.pl\/wp-content\/uploads\/2021\/05\/129216939_1098013480629973_2243230493660150399_n-45x45.jpg 45w\" sizes=\"(max-width: 150px) 100vw, 150px\" \/><\/a>\n\t\t\t<\/dt><\/dl><dl class='gallery-item'>\n\t\t\t<dt class='gallery-icon portrait'>\n\t\t\t\t<a href='http:\/\/www.biblioteka-sp4.pl\/?attachment_id=7512'><img width=\"150\" height=\"150\" src=\"http:\/\/www.biblioteka-sp4.pl\/wp-content\/uploads\/2021\/05\/IMG_20201125_131218-150x150.jpg\" class=\"attachment-thumbnail size-thumbnail\" alt=\"\" decoding=\"async\" loading=\"lazy\" aria-describedby=\"gallery-1-7512\" srcset=\"http:\/\/www.biblioteka-sp4.pl\/wp-content\/uploads\/2021\/05\/IMG_20201125_131218-150x150.jpg 150w, http:\/\/www.biblioteka-sp4.pl\/wp-content\/uploads\/2021\/05\/IMG_20201125_131218-45x45.jpg 45w\" sizes=\"(max-width: 150px) 100vw, 150px\" \/><\/a>\n\t\t\t<\/dt>\n\t\t\t\t<dd class='wp-caption-text gallery-caption' id='gallery-1-7512'>\n\t\t\t\tsmart\n\t\t\t\t<\/dd><\/dl><br style=\"clear: both\" \/><dl class='gallery-item'>\n\t\t\t<dt class='gallery-icon portrait'>\n\t\t\t\t<a href='http:\/\/www.biblioteka-sp4.pl\/?attachment_id=7513'><img width=\"150\" height=\"150\" src=\"http:\/\/www.biblioteka-sp4.pl\/wp-content\/uploads\/2021\/05\/IMG_20201109_113918-1-150x150.jpg\" class=\"attachment-thumbnail size-thumbnail\" alt=\"\" decoding=\"async\" loading=\"lazy\" srcset=\"http:\/\/www.biblioteka-sp4.pl\/wp-content\/uploads\/2021\/05\/IMG_20201109_113918-1-150x150.jpg 150w, http:\/\/www.biblioteka-sp4.pl\/wp-content\/uploads\/2021\/05\/IMG_20201109_113918-1-45x45.jpg 45w\" sizes=\"(max-width: 150px) 100vw, 150px\" \/><\/a>\n\t\t\t<\/dt><\/dl><dl class='gallery-item'>\n\t\t\t<dt class='gallery-icon portrait'>\n\t\t\t\t<a href='http:\/\/www.biblioteka-sp4.pl\/?attachment_id=7514'><img width=\"150\" height=\"150\" src=\"http:\/\/www.biblioteka-sp4.pl\/wp-content\/uploads\/2021\/05\/IMG_20201129_202918-1-e1621954545324-150x150.jpg\" class=\"attachment-thumbnail size-thumbnail\" alt=\"\" decoding=\"async\" loading=\"lazy\" srcset=\"http:\/\/www.biblioteka-sp4.pl\/wp-content\/uploads\/2021\/05\/IMG_20201129_202918-1-e1621954545324-150x150.jpg 150w, http:\/\/www.biblioteka-sp4.pl\/wp-content\/uploads\/2021\/05\/IMG_20201129_202918-1-e1621954545324-45x45.jpg 45w\" sizes=\"(max-width: 150px) 100vw, 150px\" \/><\/a>\n\t\t\t<\/dt><\/dl><dl class='gallery-item'>\n\t\t\t<dt class='gallery-icon portrait'>\n\t\t\t\t<a href='http:\/\/www.biblioteka-sp4.pl\/?attachment_id=7515'><img width=\"150\" height=\"150\" src=\"http:\/\/www.biblioteka-sp4.pl\/wp-content\/uploads\/2021\/05\/received_663264391224579-150x150.jpeg\" class=\"attachment-thumbnail size-thumbnail\" alt=\"\" decoding=\"async\" loading=\"lazy\" srcset=\"http:\/\/www.biblioteka-sp4.pl\/wp-content\/uploads\/2021\/05\/received_663264391224579-150x150.jpeg 150w, http:\/\/www.biblioteka-sp4.pl\/wp-content\/uploads\/2021\/05\/received_663264391224579-45x45.jpeg 45w\" sizes=\"(max-width: 150px) 100vw, 150px\" \/><\/a>\n\t\t\t<\/dt><\/dl><br style=\"clear: both\" \/><dl class='gallery-item'>\n\t\t\t<dt class='gallery-icon portrait'>\n\t\t\t\t<a href='http:\/\/www.biblioteka-sp4.pl\/?attachment_id=7516'><img width=\"150\" height=\"150\" src=\"http:\/\/www.biblioteka-sp4.pl\/wp-content\/uploads\/2021\/05\/plastyka--150x150.jpg\" class=\"attachment-thumbnail size-thumbnail\" alt=\"\" decoding=\"async\" loading=\"lazy\" srcset=\"http:\/\/www.biblioteka-sp4.pl\/wp-content\/uploads\/2021\/05\/plastyka--150x150.jpg 150w, http:\/\/www.biblioteka-sp4.pl\/wp-content\/uploads\/2021\/05\/plastyka--45x45.jpg 45w\" sizes=\"(max-width: 150px) 100vw, 150px\" \/><\/a>\n\t\t\t<\/dt><\/dl><dl class='gallery-item'>\n\t\t\t<dt class='gallery-icon portrait'>\n\t\t\t\t<a href='http:\/\/www.biblioteka-sp4.pl\/?attachment_id=7517'><img width=\"150\" height=\"150\" src=\"http:\/\/www.biblioteka-sp4.pl\/wp-content\/uploads\/2021\/05\/127792150_1060934681034605_1102381672042964361_n-150x150.jpg\" class=\"attachment-thumbnail size-thumbnail\" alt=\"\" decoding=\"async\" loading=\"lazy\" srcset=\"http:\/\/www.biblioteka-sp4.pl\/wp-content\/uploads\/2021\/05\/127792150_1060934681034605_1102381672042964361_n-150x150.jpg 150w, http:\/\/www.biblioteka-sp4.pl\/wp-content\/uploads\/2021\/05\/127792150_1060934681034605_1102381672042964361_n-45x45.jpg 45w\" sizes=\"(max-width: 150px) 100vw, 150px\" \/><\/a>\n\t\t\t<\/dt><\/dl><dl class='gallery-item'>\n\t\t\t<dt class='gallery-icon portrait'>\n\t\t\t\t<a href='http:\/\/www.biblioteka-sp4.pl\/?attachment_id=7518'><img width=\"150\" height=\"150\" src=\"http:\/\/www.biblioteka-sp4.pl\/wp-content\/uploads\/2021\/05\/Snapchat-109862846-1-150x150.jpg\" class=\"attachment-thumbnail size-thumbnail\" alt=\"\" decoding=\"async\" loading=\"lazy\" srcset=\"http:\/\/www.biblioteka-sp4.pl\/wp-content\/uploads\/2021\/05\/Snapchat-109862846-1-150x150.jpg 150w, http:\/\/www.biblioteka-sp4.pl\/wp-content\/uploads\/2021\/05\/Snapchat-109862846-1-45x45.jpg 45w\" sizes=\"(max-width: 150px) 100vw, 150px\" \/><\/a>\n\t\t\t<\/dt><\/dl><br style=\"clear: both\" \/><dl class='gallery-item'>\n\t\t\t<dt class='gallery-icon landscape'>\n\t\t\t\t<a href='http:\/\/www.biblioteka-sp4.pl\/?attachment_id=7519'><img width=\"150\" height=\"150\" src=\"http:\/\/www.biblioteka-sp4.pl\/wp-content\/uploads\/2021\/05\/W\u0142adek-Pi\u0105tek-kl7a-Plastyka-e1621954562399-150x150.jpg\" class=\"attachment-thumbnail size-thumbnail\" alt=\"\" decoding=\"async\" loading=\"lazy\" srcset=\"http:\/\/www.biblioteka-sp4.pl\/wp-content\/uploads\/2021\/05\/W\u0142adek-Pi\u0105tek-kl7a-Plastyka-e1621954562399-150x150.jpg 150w, http:\/\/www.biblioteka-sp4.pl\/wp-content\/uploads\/2021\/05\/W\u0142adek-Pi\u0105tek-kl7a-Plastyka-e1621954562399-45x45.jpg 45w\" sizes=\"(max-width: 150px) 100vw, 150px\" \/><\/a>\n\t\t\t<\/dt><\/dl><dl class='gallery-item'>\n\t\t\t<dt class='gallery-icon portrait'>\n\t\t\t\t<a href='http:\/\/www.biblioteka-sp4.pl\/?attachment_id=7520'><img width=\"150\" height=\"150\" src=\"http:\/\/www.biblioteka-sp4.pl\/wp-content\/uploads\/2021\/05\/IMG_20201109_113918-150x150.jpg\" class=\"attachment-thumbnail size-thumbnail\" alt=\"\" decoding=\"async\" loading=\"lazy\" srcset=\"http:\/\/www.biblioteka-sp4.pl\/wp-content\/uploads\/2021\/05\/IMG_20201109_113918-150x150.jpg 150w, http:\/\/www.biblioteka-sp4.pl\/wp-content\/uploads\/2021\/05\/IMG_20201109_113918-45x45.jpg 45w\" sizes=\"(max-width: 150px) 100vw, 150px\" \/><\/a>\n\t\t\t<\/dt><\/dl>\n\t\t\t<br style='clear: both' \/>\n\t\t<\/div>\n\n","protected":false},"excerpt":{"rendered":"","protected":false},"author":1,"featured_media":0,"parent":0,"menu_order":0,"comment_status":"closed","ping_status":"closed","template":"","meta":[],"_links":{"self":[{"href":"http:\/\/www.biblioteka-sp4.pl\/index.php?rest_route=\/wp\/v2\/pages\/7487"}],"collection":[{"href":"http:\/\/www.biblioteka-sp4.pl\/index.php?rest_route=\/wp\/v2\/pages"}],"about":[{"href":"http:\/\/www.biblioteka-sp4.pl\/index.php?rest_route=\/wp\/v2\/types\/page"}],"author":[{"embeddable":true,"href":"http:\/\/www.biblioteka-sp4.pl\/index.php?rest_route=\/wp\/v2\/users\/1"}],"replies":[{"embeddable":true,"href":"http:\/\/www.biblioteka-sp4.pl\/index.php?rest_route=%2Fwp%2Fv2%2Fcomments&post=7487"}],"version-history":[{"count":3,"href":"http:\/\/www.biblioteka-sp4.pl\/index.php?rest_route=\/wp\/v2\/pages\/7487\/revisions"}],"predecessor-version":[{"id":7529,"href":"http:\/\/www.biblioteka-sp4.pl\/index.php?rest_route=\/wp\/v2\/pages\/7487\/revisions\/7529"}],"wp:attachment":[{"href":"http:\/\/www.biblioteka-sp4.pl\/index.php?rest_route=%2Fwp%2Fv2%2Fmedia&parent=7487"}],"curies":[{"name":"wp","href":"https:\/\/api.w.org\/{rel}","templated":true}]}}